{"id":383,"date":"2025-06-30T17:19:13","date_gmt":"2025-06-30T17:19:13","guid":{"rendered":"https:\/\/pawsitivelycroatian.com\/?post_type=product&#038;p=383"},"modified":"2025-07-01T17:02:55","modified_gmt":"2025-07-01T17:02:55","slug":"pupcorns","status":"publish","type":"product","link":"https:\/\/pawsitivelycroatian.com\/hr\/proizvod\/pupcorns\/","title":{"rendered":"PUPcorn"},"content":{"rendered":"<table border=\"1\" cellspacing=\"0\" cellpadding=\"8\">\n<tbody>\n<tr>\n<th colspan=\"2\">Popcorn for Pets with Corn and Dehydrated Beef Liver<\/th>\n<\/tr>\n<tr>\n<td>Description<\/td>\n<td>100% natural, homemade treat (net weight 10g)<\/td>\n<\/tr>\n<tr>\n<td>Ingredients<\/td>\n<td>\n<ul>\n<li>Corn (99%)<\/li>\n<li>Dehydrated Beef Liver<\/li>\n<\/ul>\n<\/td>\n<\/tr>\n<tr>\n<td>Nutritional Values (per 100g)<\/td>\n<td>\n<ul>\n<li>Protein: 10.59 g<\/li>\n<li>Fat: 5.67 g<\/li>\n<li>Fiber: 6.72 g<\/li>\n<li>Energy value: 366.94 kcal<\/li>\n<\/ul>\n<\/td>\n<\/tr>\n<tr>\n<td>Instructions for Use<\/td>\n<td>Treat for pets, reward, or snack. Store in a cool (15-25\u00b0C) and dry place!<\/td>\n<\/tr>\n<tr>\n<td>Warning<\/td>\n<td>Not suitable for puppies under 5 months old.<\/td>\n<\/tr>\n<tr>\n<td>Made in<\/td>\n<td>Croatia<\/td>\n<\/tr>\n<\/tbody>\n<\/table>","protected":false},"excerpt":{"rendered":"<p data-start=\"52\" data-end=\"224\" class=\"translation-block\"><strong data-start=\"52\" data-end=\"90\">Kokice za vas, PUPkice za njih.<\/strong><br data-start=\"90\" data-end=\"93\">Jer znamo da nijedna filmska ve\u010der (ili zvuk \u0161u\u0161kaju\u0107e vre\u0107ice) nije potpuna bez psa koji vas gleda i \u010deka svoj dio.<\/p>\n<p data-start=\"226\" data-end=\"363\">Na\u0161 PUPcorn nastao je kao zdrava, zabavna i lagana poslastica, savr\u0161ena za dijeljenje trenutaka s va\u0161im psom, bez ikakvog rizika za njihovo zdravlje.<\/p>\n<p data-start=\"365\" data-end=\"589\">U PUPcorn ne dodajemo nikakve masti, sol ni arome.<br data-start=\"419\" data-end=\"422\" \/>Our corn is carefully air-popped without oil, and the only \u201cseasoning\u201d is homemade dehydrated liver, rich in natural nutrients and irresistible in smell to every nose.<\/p>\n<p data-start=\"591\" data-end=\"822\" class=\"translation-block\">PUPcorn je idealan za one koji \u017eele uklju\u010diti svog psa u obiteljske trenutke, bez gri\u017enje savjesti.<br data-start=\"686\" data-end=\"689\">Zaboravite na dijeljenje slanih i masnih grickalica, imamo PUP verziju!<br data-start=\"759\" data-end=\"762\">Lagane, zdrave i napravljene s istom pa\u017enjom kao i na\u0161i keksi\u0107i.<\/p>","protected":false},"featured_media":379,"template":"","meta":[],"product_brand":[],"product_cat":[19],"product_tag":[],"class_list":{"0":"post-383","1":"product","2":"type-product","3":"status-publish","4":"has-post-thumbnail","6":"product_cat-crunchy-treasures","8":"first","9":"instock","10":"shipping-taxable","11":"purchasable","12":"product-type-variable"},"yoast_head":"<!-- This site is optimized with the Yoast SEO plugin v25.4 - https:\/\/yoast.com\/wordpress\/plugins\/seo\/ -->\n<title>PUPcorn - Pawsitively Croatian<\/title>\n<meta name=\"robots\" content=\"index, follow, max-snippet:-1, max-image-preview:large, max-video-preview:-1\" \/>\n<link rel=\"canonical\" href=\"https:\/\/pawsitivelycroatian.com\/hr\/proizvod\/pupcorns\/\" \/>\n<meta property=\"og:locale\" content=\"hr_HR\" \/>\n<meta property=\"og:type\" content=\"article\" \/>\n<meta property=\"og:title\" content=\"PUPcorn - Pawsitively Croatian\" \/>\n<meta property=\"og:description\" content=\"Popcorn for you, PUPcorn for them.Because we know that no movie night (or the sound of a rustling bag) is complete without your dog staring, waiting for their share. Our PUPcorn was created as a healthy, fun, and light treat, perfect for sharing moments with your dog, without any risk to their health. We don\u2019t add any fats, salt, or flavorings to PUPcorn.Our corn is carefully air-popped without oil, and the only \u201cseasoning\u201d is homemade dehydrated liver, rich in natural nutrients and irresistible in smell to every nose. PUPcorn is ideal for those who want to include their dog in family moments, without the guilt.Forget about sharing salty, greasy snacks, we\u2019ve got the PUP version!Light, healthy, and made with the same care as our biscuits.\" \/>\n<meta property=\"og:url\" content=\"https:\/\/pawsitivelycroatian.com\/hr\/proizvod\/pupcorns\/\" \/>\n<meta property=\"og:site_name\" content=\"Pawsitively Croatian\" \/>\n<meta property=\"article:modified_time\" content=\"2025-07-01T17:02:55+00:00\" \/>\n<meta property=\"og:image\" content=\"https:\/\/pawsitivelycroatian.com\/wp-content\/uploads\/2025\/06\/Pupcorn.png\" \/>\n\t<meta property=\"og:image:width\" content=\"1200\" \/>\n\t<meta property=\"og:image:height\" content=\"1200\" \/>\n\t<meta property=\"og:image:type\" content=\"image\/png\" \/>\n<meta name=\"twitter:card\" content=\"summary_large_image\" \/>\n<script type=\"application\/ld+json\" class=\"yoast-schema-graph\">{\"@context\":\"https:\/\/schema.org\",\"@graph\":[{\"@type\":\"WebPage\",\"@id\":\"https:\/\/pawsitivelycroatian.com\/product\/pupcorns\/\",\"url\":\"https:\/\/pawsitivelycroatian.com\/product\/pupcorns\/\",\"name\":\"PUPcorn - Pawsitively Croatian\",\"isPartOf\":{\"@id\":\"https:\/\/pawsitivelycroatian.com\/#website\"},\"primaryImageOfPage\":{\"@id\":\"https:\/\/pawsitivelycroatian.com\/product\/pupcorns\/#primaryimage\"},\"image\":{\"@id\":\"https:\/\/pawsitivelycroatian.com\/product\/pupcorns\/#primaryimage\"},\"thumbnailUrl\":\"https:\/\/pawsitivelycroatian.com\/wp-content\/uploads\/2025\/06\/Pupcorn.png\",\"datePublished\":\"2025-06-30T17:19:13+00:00\",\"dateModified\":\"2025-07-01T17:02:55+00:00\",\"breadcrumb\":{\"@id\":\"https:\/\/pawsitivelycroatian.com\/product\/pupcorns\/#breadcrumb\"},\"inLanguage\":\"hr\",\"potentialAction\":[{\"@type\":\"ReadAction\",\"target\":[\"https:\/\/pawsitivelycroatian.com\/product\/pupcorns\/\"]}]},{\"@type\":\"ImageObject\",\"inLanguage\":\"hr\",\"@id\":\"https:\/\/pawsitivelycroatian.com\/product\/pupcorns\/#primaryimage\",\"url\":\"https:\/\/pawsitivelycroatian.com\/wp-content\/uploads\/2025\/06\/Pupcorn.png\",\"contentUrl\":\"https:\/\/pawsitivelycroatian.com\/wp-content\/uploads\/2025\/06\/Pupcorn.png\",\"width\":1200,\"height\":1200},{\"@type\":\"BreadcrumbList\",\"@id\":\"https:\/\/pawsitivelycroatian.com\/product\/pupcorns\/#breadcrumb\",\"itemListElement\":[{\"@type\":\"ListItem\",\"position\":1,\"name\":\"Home\",\"item\":\"https:\/\/pawsitivelycroatian.com\/\"},{\"@type\":\"ListItem\",\"position\":2,\"name\":\"Shop\",\"item\":\"https:\/\/pawsitivelycroatian.com\/shop\/\"},{\"@type\":\"ListItem\",\"position\":3,\"name\":\"PUPcorn\"}]},{\"@type\":\"WebSite\",\"@id\":\"https:\/\/pawsitivelycroatian.com\/#website\",\"url\":\"https:\/\/pawsitivelycroatian.com\/\",\"name\":\"Pawsitively Croatian\",\"description\":\"Croatian\",\"publisher\":{\"@id\":\"https:\/\/pawsitivelycroatian.com\/#organization\"},\"potentialAction\":[{\"@type\":\"SearchAction\",\"target\":{\"@type\":\"EntryPoint\",\"urlTemplate\":\"https:\/\/pawsitivelycroatian.com\/?s={search_term_string}\"},\"query-input\":{\"@type\":\"PropertyValueSpecification\",\"valueRequired\":true,\"valueName\":\"search_term_string\"}}],\"inLanguage\":\"hr\"},{\"@type\":\"Organization\",\"@id\":\"https:\/\/pawsitivelycroatian.com\/#organization\",\"name\":\"Pawsitively Croatian\",\"url\":\"https:\/\/pawsitivelycroatian.com\/\",\"logo\":{\"@type\":\"ImageObject\",\"inLanguage\":\"hr\",\"@id\":\"https:\/\/pawsitivelycroatian.com\/#\/schema\/logo\/image\/\",\"url\":\"https:\/\/pawsitivelycroatian.com\/wp-content\/uploads\/2025\/03\/Group1.png\",\"contentUrl\":\"https:\/\/pawsitivelycroatian.com\/wp-content\/uploads\/2025\/03\/Group1.png\",\"width\":946,\"height\":408,\"caption\":\"Pawsitively Croatian\"},\"image\":{\"@id\":\"https:\/\/pawsitivelycroatian.com\/#\/schema\/logo\/image\/\"},\"sameAs\":[\"https:\/\/www.instagram.com\/pawsitively.croatian\/?utm_source=qr\"]}]}<\/script>\n<!-- \/ Yoast SEO plugin. -->","yoast_head_json":{"title":"PUPcorn - Pawsitively Croatian","robots":{"index":"index","follow":"follow","max-snippet":"max-snippet:-1","max-image-preview":"max-image-preview:large","max-video-preview":"max-video-preview:-1"},"canonical":"https:\/\/pawsitivelycroatian.com\/hr\/proizvod\/pupcorns\/","og_locale":"hr_HR","og_type":"article","og_title":"PUPcorn - Pawsitively Croatian","og_description":"Popcorn for you, PUPcorn for them.Because we know that no movie night (or the sound of a rustling bag) is complete without your dog staring, waiting for their share. Our PUPcorn was created as a healthy, fun, and light treat, perfect for sharing moments with your dog, without any risk to their health. We don\u2019t add any fats, salt, or flavorings to PUPcorn.Our corn is carefully air-popped without oil, and the only \u201cseasoning\u201d is homemade dehydrated liver, rich in natural nutrients and irresistible in smell to every nose. PUPcorn is ideal for those who want to include their dog in family moments, without the guilt.Forget about sharing salty, greasy snacks, we\u2019ve got the PUP version!Light, healthy, and made with the same care as our biscuits.","og_url":"https:\/\/pawsitivelycroatian.com\/hr\/proizvod\/pupcorns\/","og_site_name":"Pawsitively Croatian","article_modified_time":"2025-07-01T17:02:55+00:00","og_image":[{"width":1200,"height":1200,"url":"https:\/\/pawsitivelycroatian.com\/wp-content\/uploads\/2025\/06\/Pupcorn.png","type":"image\/png"}],"twitter_card":"summary_large_image","schema":{"@context":"https:\/\/schema.org","@graph":[{"@type":"WebPage","@id":"https:\/\/pawsitivelycroatian.com\/product\/pupcorns\/","url":"https:\/\/pawsitivelycroatian.com\/product\/pupcorns\/","name":"PUPcorn - Pawsitively Croatian","isPartOf":{"@id":"https:\/\/pawsitivelycroatian.com\/#website"},"primaryImageOfPage":{"@id":"https:\/\/pawsitivelycroatian.com\/product\/pupcorns\/#primaryimage"},"image":{"@id":"https:\/\/pawsitivelycroatian.com\/product\/pupcorns\/#primaryimage"},"thumbnailUrl":"https:\/\/pawsitivelycroatian.com\/wp-content\/uploads\/2025\/06\/Pupcorn.png","datePublished":"2025-06-30T17:19:13+00:00","dateModified":"2025-07-01T17:02:55+00:00","breadcrumb":{"@id":"https:\/\/pawsitivelycroatian.com\/product\/pupcorns\/#breadcrumb"},"inLanguage":"hr","potentialAction":[{"@type":"ReadAction","target":["https:\/\/pawsitivelycroatian.com\/product\/pupcorns\/"]}]},{"@type":"ImageObject","inLanguage":"hr","@id":"https:\/\/pawsitivelycroatian.com\/product\/pupcorns\/#primaryimage","url":"https:\/\/pawsitivelycroatian.com\/wp-content\/uploads\/2025\/06\/Pupcorn.png","contentUrl":"https:\/\/pawsitivelycroatian.com\/wp-content\/uploads\/2025\/06\/Pupcorn.png","width":1200,"height":1200},{"@type":"BreadcrumbList","@id":"https:\/\/pawsitivelycroatian.com\/product\/pupcorns\/#breadcrumb","itemListElement":[{"@type":"ListItem","position":1,"name":"Home","item":"https:\/\/pawsitivelycroatian.com\/"},{"@type":"ListItem","position":2,"name":"Shop","item":"https:\/\/pawsitivelycroatian.com\/shop\/"},{"@type":"ListItem","position":3,"name":"PUPcorn"}]},{"@type":"WebSite","@id":"https:\/\/pawsitivelycroatian.com\/#website","url":"https:\/\/pawsitivelycroatian.com\/","name":"Pawsitively Croatian","description":"Croatian","publisher":{"@id":"https:\/\/pawsitivelycroatian.com\/#organization"},"potentialAction":[{"@type":"SearchAction","target":{"@type":"EntryPoint","urlTemplate":"https:\/\/pawsitivelycroatian.com\/?s={search_term_string}"},"query-input":{"@type":"PropertyValueSpecification","valueRequired":true,"valueName":"search_term_string"}}],"inLanguage":"hr"},{"@type":"Organization","@id":"https:\/\/pawsitivelycroatian.com\/#organization","name":"Pawsitively Croatian","url":"https:\/\/pawsitivelycroatian.com\/","logo":{"@type":"ImageObject","inLanguage":"hr","@id":"https:\/\/pawsitivelycroatian.com\/#\/schema\/logo\/image\/","url":"https:\/\/pawsitivelycroatian.com\/wp-content\/uploads\/2025\/03\/Group1.png","contentUrl":"https:\/\/pawsitivelycroatian.com\/wp-content\/uploads\/2025\/03\/Group1.png","width":946,"height":408,"caption":"Pawsitively Croatian"},"image":{"@id":"https:\/\/pawsitivelycroatian.com\/#\/schema\/logo\/image\/"},"sameAs":["https:\/\/www.instagram.com\/pawsitively.croatian\/?utm_source=qr"]}]}},"_links":{"self":[{"href":"https:\/\/pawsitivelycroatian.com\/hr\/wp-json\/wp\/v2\/product\/383","targetHints":{"allow":["GET"]}}],"collection":[{"href":"https:\/\/pawsitivelycroatian.com\/hr\/wp-json\/wp\/v2\/product"}],"about":[{"href":"https:\/\/pawsitivelycroatian.com\/hr\/wp-json\/wp\/v2\/types\/product"}],"version-history":[{"count":4,"href":"https:\/\/pawsitivelycroatian.com\/hr\/wp-json\/wp\/v2\/product\/383\/revisions"}],"predecessor-version":[{"id":442,"href":"https:\/\/pawsitivelycroatian.com\/hr\/wp-json\/wp\/v2\/product\/383\/revisions\/442"}],"wp:featuredmedia":[{"embeddable":true,"href":"https:\/\/pawsitivelycroatian.com\/hr\/wp-json\/wp\/v2\/media\/379"}],"wp:attachment":[{"href":"https:\/\/pawsitivelycroatian.com\/hr\/wp-json\/wp\/v2\/media?parent=383"}],"wp:term":[{"taxonomy":"product_brand","embeddable":true,"href":"https:\/\/pawsitivelycroatian.com\/hr\/wp-json\/wp\/v2\/product_brand?post=383"},{"taxonomy":"product_cat","embeddable":true,"href":"https:\/\/pawsitivelycroatian.com\/hr\/wp-json\/wp\/v2\/product_cat?post=383"},{"taxonomy":"product_tag","embeddable":true,"href":"https:\/\/pawsitivelycroatian.com\/hr\/wp-json\/wp\/v2\/product_tag?post=383"}],"curies":[{"name":"wp","href":"https:\/\/api.w.org\/{rel}","templated":true}]}}