{"id":738,"date":"2025-12-08T18:36:56","date_gmt":"2025-12-08T18:36:56","guid":{"rendered":"https:\/\/pawsitivelycroatian.com\/?post_type=product&#038;p=738"},"modified":"2025-12-08T18:39:33","modified_gmt":"2025-12-08T18:39:33","slug":"croatian-crunchy-treasures-central-croatia","status":"publish","type":"product","link":"https:\/\/pawsitivelycroatian.com\/hr\/proizvod\/croatian-crunchy-treasures-central-croatia\/","title":{"rendered":"Croatian Crunchy Treasures &#8211; Central Croatia"},"content":{"rendered":"<div style=\"display: flex; flex-wrap: wrap; gap: 20px; align-items: flex-start;\">\n<p><!-- Image Column --><\/p>\n<div style=\"flex: 1 1 300px; min-width: 250px; max-width: 100%;\"><img fetchpriority=\"high\" decoding=\"async\" class=\"alignnone wp-image-737\" src=\"https:\/\/pawsitivelycroatian.com\/wp-content\/uploads\/2025\/12\/Frame-223-300x173.png\" alt=\"\" width=\"429\" height=\"248\" srcset=\"https:\/\/pawsitivelycroatian.com\/wp-content\/uploads\/2025\/12\/Frame-223-300x173.png 300w, https:\/\/pawsitivelycroatian.com\/wp-content\/uploads\/2025\/12\/Frame-223-1024x591.png 1024w, https:\/\/pawsitivelycroatian.com\/wp-content\/uploads\/2025\/12\/Frame-223-768x444.png 768w, https:\/\/pawsitivelycroatian.com\/wp-content\/uploads\/2025\/12\/Frame-223-1536x887.png 1536w, https:\/\/pawsitivelycroatian.com\/wp-content\/uploads\/2025\/12\/Frame-223-2048x1183.png 2048w, https:\/\/pawsitivelycroatian.com\/wp-content\/uploads\/2025\/12\/Frame-223-18x10.png 18w, https:\/\/pawsitivelycroatian.com\/wp-content\/uploads\/2025\/12\/Frame-223-600x347.png 600w\" sizes=\"(max-width: 429px) 100vw, 429px\" \/><\/div>\n<p><!-- Text Column --><\/p>\n<div style=\"flex: 1 1 300px; min-width: 250px; max-width: 100%;\">\n<h2>SREDI\u0160NJA HRVATSKA<\/h2>\n<p>Sredi\u0161nja Hrvatska, smje\u0161tena u srcu zemlje, poznata je po bogatoj kulinarskoj tradiciji koja odra\u017eava plodnu zemlju i poljoprivredno naslje\u0111e regije. Ovo podru\u010dje poznato je po svje\u017eim i aromati\u010dnim sastojcima, a meso, posebno govedina i janjetina, ima klju\u010dnu ulogu u lokalnoj kuhinji.<\/p>\n<p>Osim mesnih delicija, Sredi\u0161nja Hrvatska poznata je i po izvrsnim sirevima, svje\u017eim i dimljenim, koji su omiljeni me\u0111u ljubiteljima tradicionalne hrane. Kulturna ba\u0161tina regije o\u010dituje se i u pripremi jela koja se prenose kroz generacije, stvaraju\u0107i jedinstven okus i do\u017eivljaj koji utjelovljuje bit Sredi\u0161nje Hrvatske.<\/p>\n<p>&nbsp;<\/p>\n<\/div>\n<\/div>\n<p><!-- Product Table --><\/p>\n<div style=\"margin-top: 30px; overflow-x: auto;\">\n<table style=\"width: 100%; border-collapse: collapse;\" border=\"1\" cellspacing=\"0\" cellpadding=\"8\">\n<tbody>\n<tr>\n<th colspan=\"2\">Gluten-Free Treat for Pets Made from Beef, Buckwheat, Carrot and Extra Virgin Olive Oil<\/th>\n<\/tr>\n<tr>\n<td>Description<\/td>\n<td>100% natural, handmade, homemade treat for pets (net weight 100g)<\/td>\n<\/tr>\n<tr>\n<td>Ingredients<\/td>\n<td>\n<ul>\n<li>Buckwheat (in dry matter 75%)<\/li>\n<li>Beef (in dry matter 20%)<\/li>\n<li>Carrot (in dry matter 5%)<\/li>\n<li>Extra virgin olive oil<\/li>\n<li>Fresh rosemary<\/li>\n<\/ul>\n<\/td>\n<\/tr>\n<tr>\n<td>Nutritional Values (per 100g)<\/td>\n<td>\n<ul>\n<li>Proteins: 14.11 g<\/li>\n<li>Fats: 3.35 g<\/li>\n<li>Fibers: 2.50 g<\/li>\n<li>Energy value: 294.13 kcal<\/li>\n<\/ul>\n<\/td>\n<\/tr>\n<tr>\n<td>Instructions for Use<\/td>\n<td>A treat for pets, reward, or snack. Store in a cool (15-25\u00b0C) and dry place!<\/td>\n<\/tr>\n<tr>\n<td>Produced in<\/td>\n<td>Croatia<\/td>\n<\/tr>\n<\/tbody>\n<\/table>\n<\/div>","protected":false},"excerpt":{"rendered":"<p>Govedina je cijenjeni sastojak u srcu Hrvatske, poznata po svom bogatom okusu i nje\u017enoj teksturi. Uzgojena na plodnim zemlji\u0161tima sredi\u0161nje Hrvatske, govedina se \u010desto priprema tradicionalnim metodama poput sporog pe\u010denja, pirjanja ili ro\u0161tiljanja, \u0161to omogu\u0107uje da se razviju njezini puni, prirodni okusi.<\/p>\n<p>Ovo je jelo temelj obiteljskih proslava, seoskih fe\u0161ti i sve\u010danih okupljanja, odra\u017eavaju\u0107i poljoprivrednu ba\u0161tinu regije i sna\u017enu povezanost s tlom. Govedina iz Sredi\u0161nje Hrvatske cijenjena je ne samo zbog svoje kvalitete, ve\u0107 i zbog svoje uloge u povezivanju ljudi, utjelovljuju\u0107i lokalni ponos na visokokvalitetne, lokalno uzgojene sastojke.<\/p>\n<p>&nbsp;<\/p>\n<p data-start=\"574\" data-end=\"635\">Bez glutena. Bez umjetnih dodataka. Samo ono \u0161to je zaista dobro.<\/p>\n<p data-start=\"637\" data-end=\"712\" data-is-last-node=\"\" data-is-only-node=\"\" class=\"translation-block\"><strong>Ingredients<\/strong>: Buckwheat, Beef, Istrian extra virgin olive oil, Carrot.<\/p>","protected":false},"featured_media":265,"template":"","meta":[],"product_brand":[],"product_cat":[19],"product_tag":[],"class_list":{"0":"post-738","1":"product","2":"type-product","3":"status-publish","4":"has-post-thumbnail","6":"product_cat-crunchy-treasures","8":"first","9":"instock","10":"shipping-taxable","11":"purchasable","12":"product-type-variable"},"yoast_head":"<!-- This site is optimized with the Yoast SEO plugin v25.4 - https:\/\/yoast.com\/wordpress\/plugins\/seo\/ -->\n<title>Croatian Crunchy Treasures - Central Croatia - Pawsitively Croatian<\/title>\n<meta name=\"robots\" content=\"index, follow, max-snippet:-1, max-image-preview:large, max-video-preview:-1\" \/>\n<link rel=\"canonical\" href=\"https:\/\/pawsitivelycroatian.com\/hr\/proizvod\/croatian-crunchy-treasures-central-croatia\/\" \/>\n<meta property=\"og:locale\" content=\"hr_HR\" \/>\n<meta property=\"og:type\" content=\"article\" \/>\n<meta property=\"og:title\" content=\"Croatian Crunchy Treasures - Central Croatia - Pawsitively Croatian\" \/>\n<meta property=\"og:description\" content=\"Beef is a cherished ingredient in the heart of Croatia, known for its rich flavor and tender texture. Raised on the fertile lands of central Croatia, the beef is often prepared using traditional methods like slow roasting, stewing, or grilling, which allow its full, natural flavors to develop.  This dish is a cornerstone of family celebrations, village feasts, and festive gatherings, reflecting the region\u2019s agricultural heritage and strong ties to the land. Central Croatian beef is prized not only for its quality but also for its role in bringing people together, embodying the local pride in high-quality, locally sourced ingredients.  &nbsp; Gluten-free. No artificial additives. Only what\u2019s truly good. Ingredients: Buckwheat, Beef, Istrian extra virgin olive oil, Carrot.\" \/>\n<meta property=\"og:url\" content=\"https:\/\/pawsitivelycroatian.com\/hr\/proizvod\/croatian-crunchy-treasures-central-croatia\/\" \/>\n<meta property=\"og:site_name\" content=\"Pawsitively Croatian\" \/>\n<meta property=\"article:modified_time\" content=\"2025-12-08T18:39:33+00:00\" \/>\n<meta property=\"og:image\" content=\"https:\/\/pawsitivelycroatian.com\/wp-content\/uploads\/2025\/06\/CENTRAL.png\" \/>\n\t<meta property=\"og:image:width\" content=\"1200\" \/>\n\t<meta property=\"og:image:height\" content=\"1200\" \/>\n\t<meta property=\"og:image:type\" content=\"image\/png\" \/>\n<meta name=\"twitter:card\" content=\"summary_large_image\" \/>\n<meta name=\"twitter:label1\" content=\"Procijenjeno vrijeme \u010ditanja\" \/>\n\t<meta name=\"twitter:data1\" content=\"2 minute\" \/>\n<script type=\"application\/ld+json\" class=\"yoast-schema-graph\">{\"@context\":\"https:\/\/schema.org\",\"@graph\":[{\"@type\":\"WebPage\",\"@id\":\"https:\/\/pawsitivelycroatian.com\/product\/croatian-crunchy-treasures-central-croatia\/\",\"url\":\"https:\/\/pawsitivelycroatian.com\/product\/croatian-crunchy-treasures-central-croatia\/\",\"name\":\"Croatian Crunchy Treasures - Central Croatia - Pawsitively Croatian\",\"isPartOf\":{\"@id\":\"https:\/\/pawsitivelycroatian.com\/#website\"},\"primaryImageOfPage\":{\"@id\":\"https:\/\/pawsitivelycroatian.com\/product\/croatian-crunchy-treasures-central-croatia\/#primaryimage\"},\"image\":{\"@id\":\"https:\/\/pawsitivelycroatian.com\/product\/croatian-crunchy-treasures-central-croatia\/#primaryimage\"},\"thumbnailUrl\":\"https:\/\/pawsitivelycroatian.com\/wp-content\/uploads\/2025\/06\/CENTRAL.png\",\"datePublished\":\"2025-12-08T18:36:56+00:00\",\"dateModified\":\"2025-12-08T18:39:33+00:00\",\"breadcrumb\":{\"@id\":\"https:\/\/pawsitivelycroatian.com\/product\/croatian-crunchy-treasures-central-croatia\/#breadcrumb\"},\"inLanguage\":\"hr\",\"potentialAction\":[{\"@type\":\"ReadAction\",\"target\":[\"https:\/\/pawsitivelycroatian.com\/product\/croatian-crunchy-treasures-central-croatia\/\"]}]},{\"@type\":\"ImageObject\",\"inLanguage\":\"hr\",\"@id\":\"https:\/\/pawsitivelycroatian.com\/product\/croatian-crunchy-treasures-central-croatia\/#primaryimage\",\"url\":\"https:\/\/pawsitivelycroatian.com\/wp-content\/uploads\/2025\/06\/CENTRAL.png\",\"contentUrl\":\"https:\/\/pawsitivelycroatian.com\/wp-content\/uploads\/2025\/06\/CENTRAL.png\",\"width\":1200,\"height\":1200},{\"@type\":\"BreadcrumbList\",\"@id\":\"https:\/\/pawsitivelycroatian.com\/product\/croatian-crunchy-treasures-central-croatia\/#breadcrumb\",\"itemListElement\":[{\"@type\":\"ListItem\",\"position\":1,\"name\":\"Home\",\"item\":\"https:\/\/pawsitivelycroatian.com\/\"},{\"@type\":\"ListItem\",\"position\":2,\"name\":\"Shop\",\"item\":\"https:\/\/pawsitivelycroatian.com\/shop\/\"},{\"@type\":\"ListItem\",\"position\":3,\"name\":\"Croatian Crunchy Treasures &#8211; Central Croatia\"}]},{\"@type\":\"WebSite\",\"@id\":\"https:\/\/pawsitivelycroatian.com\/#website\",\"url\":\"https:\/\/pawsitivelycroatian.com\/\",\"name\":\"Pawsitively Croatian\",\"description\":\"Croatian\",\"publisher\":{\"@id\":\"https:\/\/pawsitivelycroatian.com\/#organization\"},\"potentialAction\":[{\"@type\":\"SearchAction\",\"target\":{\"@type\":\"EntryPoint\",\"urlTemplate\":\"https:\/\/pawsitivelycroatian.com\/?s={search_term_string}\"},\"query-input\":{\"@type\":\"PropertyValueSpecification\",\"valueRequired\":true,\"valueName\":\"search_term_string\"}}],\"inLanguage\":\"hr\"},{\"@type\":\"Organization\",\"@id\":\"https:\/\/pawsitivelycroatian.com\/#organization\",\"name\":\"Pawsitively Croatian\",\"url\":\"https:\/\/pawsitivelycroatian.com\/\",\"logo\":{\"@type\":\"ImageObject\",\"inLanguage\":\"hr\",\"@id\":\"https:\/\/pawsitivelycroatian.com\/#\/schema\/logo\/image\/\",\"url\":\"https:\/\/pawsitivelycroatian.com\/wp-content\/uploads\/2025\/03\/Group1.png\",\"contentUrl\":\"https:\/\/pawsitivelycroatian.com\/wp-content\/uploads\/2025\/03\/Group1.png\",\"width\":946,\"height\":408,\"caption\":\"Pawsitively Croatian\"},\"image\":{\"@id\":\"https:\/\/pawsitivelycroatian.com\/#\/schema\/logo\/image\/\"},\"sameAs\":[\"https:\/\/www.instagram.com\/pawsitively.croatian\/?utm_source=qr\"]}]}<\/script>\n<!-- \/ Yoast SEO plugin. -->","yoast_head_json":{"title":"Croatian Crunchy Treasures - Central Croatia - Pawsitively Croatian","robots":{"index":"index","follow":"follow","max-snippet":"max-snippet:-1","max-image-preview":"max-image-preview:large","max-video-preview":"max-video-preview:-1"},"canonical":"https:\/\/pawsitivelycroatian.com\/hr\/proizvod\/croatian-crunchy-treasures-central-croatia\/","og_locale":"hr_HR","og_type":"article","og_title":"Croatian Crunchy Treasures - Central Croatia - Pawsitively Croatian","og_description":"Beef is a cherished ingredient in the heart of Croatia, known for its rich flavor and tender texture. Raised on the fertile lands of central Croatia, the beef is often prepared using traditional methods like slow roasting, stewing, or grilling, which allow its full, natural flavors to develop.  This dish is a cornerstone of family celebrations, village feasts, and festive gatherings, reflecting the region\u2019s agricultural heritage and strong ties to the land. Central Croatian beef is prized not only for its quality but also for its role in bringing people together, embodying the local pride in high-quality, locally sourced ingredients.  &nbsp; Gluten-free. No artificial additives. Only what\u2019s truly good. Ingredients: Buckwheat, Beef, Istrian extra virgin olive oil, Carrot.","og_url":"https:\/\/pawsitivelycroatian.com\/hr\/proizvod\/croatian-crunchy-treasures-central-croatia\/","og_site_name":"Pawsitively Croatian","article_modified_time":"2025-12-08T18:39:33+00:00","og_image":[{"width":1200,"height":1200,"url":"https:\/\/pawsitivelycroatian.com\/wp-content\/uploads\/2025\/06\/CENTRAL.png","type":"image\/png"}],"twitter_card":"summary_large_image","twitter_misc":{"Procijenjeno vrijeme \u010ditanja":"2 minute"},"schema":{"@context":"https:\/\/schema.org","@graph":[{"@type":"WebPage","@id":"https:\/\/pawsitivelycroatian.com\/product\/croatian-crunchy-treasures-central-croatia\/","url":"https:\/\/pawsitivelycroatian.com\/product\/croatian-crunchy-treasures-central-croatia\/","name":"Croatian Crunchy Treasures - Central Croatia - Pawsitively Croatian","isPartOf":{"@id":"https:\/\/pawsitivelycroatian.com\/#website"},"primaryImageOfPage":{"@id":"https:\/\/pawsitivelycroatian.com\/product\/croatian-crunchy-treasures-central-croatia\/#primaryimage"},"image":{"@id":"https:\/\/pawsitivelycroatian.com\/product\/croatian-crunchy-treasures-central-croatia\/#primaryimage"},"thumbnailUrl":"https:\/\/pawsitivelycroatian.com\/wp-content\/uploads\/2025\/06\/CENTRAL.png","datePublished":"2025-12-08T18:36:56+00:00","dateModified":"2025-12-08T18:39:33+00:00","breadcrumb":{"@id":"https:\/\/pawsitivelycroatian.com\/product\/croatian-crunchy-treasures-central-croatia\/#breadcrumb"},"inLanguage":"hr","potentialAction":[{"@type":"ReadAction","target":["https:\/\/pawsitivelycroatian.com\/product\/croatian-crunchy-treasures-central-croatia\/"]}]},{"@type":"ImageObject","inLanguage":"hr","@id":"https:\/\/pawsitivelycroatian.com\/product\/croatian-crunchy-treasures-central-croatia\/#primaryimage","url":"https:\/\/pawsitivelycroatian.com\/wp-content\/uploads\/2025\/06\/CENTRAL.png","contentUrl":"https:\/\/pawsitivelycroatian.com\/wp-content\/uploads\/2025\/06\/CENTRAL.png","width":1200,"height":1200},{"@type":"BreadcrumbList","@id":"https:\/\/pawsitivelycroatian.com\/product\/croatian-crunchy-treasures-central-croatia\/#breadcrumb","itemListElement":[{"@type":"ListItem","position":1,"name":"Home","item":"https:\/\/pawsitivelycroatian.com\/"},{"@type":"ListItem","position":2,"name":"Shop","item":"https:\/\/pawsitivelycroatian.com\/shop\/"},{"@type":"ListItem","position":3,"name":"Croatian Crunchy Treasures &#8211; Central Croatia"}]},{"@type":"WebSite","@id":"https:\/\/pawsitivelycroatian.com\/#website","url":"https:\/\/pawsitivelycroatian.com\/","name":"Pawsitively Croatian","description":"Croatian","publisher":{"@id":"https:\/\/pawsitivelycroatian.com\/#organization"},"potentialAction":[{"@type":"SearchAction","target":{"@type":"EntryPoint","urlTemplate":"https:\/\/pawsitivelycroatian.com\/?s={search_term_string}"},"query-input":{"@type":"PropertyValueSpecification","valueRequired":true,"valueName":"search_term_string"}}],"inLanguage":"hr"},{"@type":"Organization","@id":"https:\/\/pawsitivelycroatian.com\/#organization","name":"Pawsitively Croatian","url":"https:\/\/pawsitivelycroatian.com\/","logo":{"@type":"ImageObject","inLanguage":"hr","@id":"https:\/\/pawsitivelycroatian.com\/#\/schema\/logo\/image\/","url":"https:\/\/pawsitivelycroatian.com\/wp-content\/uploads\/2025\/03\/Group1.png","contentUrl":"https:\/\/pawsitivelycroatian.com\/wp-content\/uploads\/2025\/03\/Group1.png","width":946,"height":408,"caption":"Pawsitively Croatian"},"image":{"@id":"https:\/\/pawsitivelycroatian.com\/#\/schema\/logo\/image\/"},"sameAs":["https:\/\/www.instagram.com\/pawsitively.croatian\/?utm_source=qr"]}]}},"_links":{"self":[{"href":"https:\/\/pawsitivelycroatian.com\/hr\/wp-json\/wp\/v2\/product\/738","targetHints":{"allow":["GET"]}}],"collection":[{"href":"https:\/\/pawsitivelycroatian.com\/hr\/wp-json\/wp\/v2\/product"}],"about":[{"href":"https:\/\/pawsitivelycroatian.com\/hr\/wp-json\/wp\/v2\/types\/product"}],"version-history":[{"count":5,"href":"https:\/\/pawsitivelycroatian.com\/hr\/wp-json\/wp\/v2\/product\/738\/revisions"}],"predecessor-version":[{"id":744,"href":"https:\/\/pawsitivelycroatian.com\/hr\/wp-json\/wp\/v2\/product\/738\/revisions\/744"}],"wp:featuredmedia":[{"embeddable":true,"href":"https:\/\/pawsitivelycroatian.com\/hr\/wp-json\/wp\/v2\/media\/265"}],"wp:attachment":[{"href":"https:\/\/pawsitivelycroatian.com\/hr\/wp-json\/wp\/v2\/media?parent=738"}],"wp:term":[{"taxonomy":"product_brand","embeddable":true,"href":"https:\/\/pawsitivelycroatian.com\/hr\/wp-json\/wp\/v2\/product_brand?post=738"},{"taxonomy":"product_cat","embeddable":true,"href":"https:\/\/pawsitivelycroatian.com\/hr\/wp-json\/wp\/v2\/product_cat?post=738"},{"taxonomy":"product_tag","embeddable":true,"href":"https:\/\/pawsitivelycroatian.com\/hr\/wp-json\/wp\/v2\/product_tag?post=738"}],"curies":[{"name":"wp","href":"https:\/\/api.w.org\/{rel}","templated":true}]}}