{"id":752,"date":"2025-12-08T18:45:34","date_gmt":"2025-12-08T18:45:34","guid":{"rendered":"https:\/\/pawsitivelycroatian.com\/?post_type=product&#038;p=752"},"modified":"2025-12-08T18:46:56","modified_gmt":"2025-12-08T18:46:56","slug":"pawprenjak-turkey-with-buckwheat","status":"publish","type":"product","link":"https:\/\/pawsitivelycroatian.com\/hr\/proizvod\/pawprenjak-turkey-with-buckwheat\/","title":{"rendered":"PAWprenjak - Purica s Mlicnima."},"content":{"rendered":"<div style=\"display: flex; flex-wrap: wrap; gap: 20px; align-items: flex-start;\"><\/div>\n<p><!-- Product Table --><\/p>\n<div style=\"margin-top: 30px; overflow-x: auto;\">\n<table style=\"width: 100%; border-collapse: collapse;\" border=\"1\" cellspacing=\"0\" cellpadding=\"8\">\n<tbody>\n<tr>\n<th colspan=\"2\"><strong data-start=\"120\" data-end=\"154\">Turkey &amp; Buckwheat<\/strong><\/th>\n<\/tr>\n<tr>\n<td>Description<\/td>\n<td>100% natural, handmade, homemade treat for pets (net weight 15g)<\/td>\n<\/tr>\n<tr>\n<td>Ingredients<\/td>\n<td>\n<ul>\n<li>Buckwheat (in dry matter 66.37%)<\/li>\n<li>Turkey (33.63% dry matter)<\/li>\n<\/ul>\n<\/td>\n<\/tr>\n<tr>\n<td>Nutritional Values (per 100g)<\/td>\n<td>\n<ul>\n<li>Proteins: 19 g<\/li>\n<li>Fats: 6 g<\/li>\n<li>Fibers: 57 g<\/li>\n<li>Energy value: 330 kcal<\/li>\n<\/ul>\n<\/td>\n<\/tr>\n<tr>\n<td>Instructions for Use<\/td>\n<td>A treat for pets, reward, or snack. Store in a cool (15-25\u00b0C) and dry place!<\/td>\n<\/tr>\n<tr>\n<td>Produced in<\/td>\n<td>Croatia<\/td>\n<\/tr>\n<\/tbody>\n<\/table>\n<\/div>","protected":false},"excerpt":{"rendered":"<p data-start=\"115\" data-end=\"393\" class=\"translation-block\">Upoznajte PAWprenjak: Purica &amp; Heljda posebno blagdansko izdanje stvoreno za sve ljubimce koji zaslu\u017euju ne\u0161to posebno, \u010disto i jednostavno. Ova limitirana blagdanska poslastica napravljena je od samo dva sastojka: doma\u0107e purice i nutritivno bogate heljde, prirodno bez glutena.<\/p>\n<p data-start=\"395\" data-end=\"459\">Ni\u0161ta vi\u0161e. Bez aditiva, bez punila, bez nepotrebnih gluposti.<\/p>\n<p data-start=\"461\" data-end=\"687\">Heljda je odli\u010dan izvor vlakana i lako probavljivih nutrijenata, dok je purica nje\u017ena, mirisna i omiljena me\u0111u psima svih veli\u010dina. Rezultat je lagana, ukusna poslastica kojoj se mo\u017eete u potpunosti vjerovati i koju \u0107e svaki pas obo\u017eavati.<\/p>\n<p data-start=\"689\" data-end=\"788\">Za blagdane smo PAWprenjak upakirali u elegantnu ukrasnu kutijicu, savr\u0161en poklon za va\u0161eg ku\u0107nog ljubimca.<\/p>\n<p data-start=\"574\" data-end=\"635\">Bez glutena. Bez umjetnih dodataka. Samo ono \u0161to je zaista dobro.<\/p>\n<p data-start=\"637\" data-end=\"712\" data-is-last-node=\"\" data-is-only-node=\"\"><strong>PAWprenjak: Purica &amp; Heljda samo dva sastojka. Nula gluposti. Blagdanski specijal.<\/strong><\/p>\n<p>100 % prirodna, doma\u0107a poslastica \/ 100 % natural, homemade treat<\/p>\n<p data-start=\"637\" data-end=\"712\" data-is-last-node=\"\" data-is-only-node=\"\"><strong data-start=\"916\" data-end=\"937\">(net weight \/ neto masa 15 g)<\/strong><\/p>","protected":false},"featured_media":743,"template":"","meta":[],"product_brand":[],"product_cat":[19],"product_tag":[],"class_list":{"0":"post-752","1":"product","2":"type-product","3":"status-publish","4":"has-post-thumbnail","6":"product_cat-crunchy-treasures","8":"first","9":"instock","10":"shipping-taxable","11":"purchasable","12":"product-type-variable"},"yoast_head":"<!-- This site is optimized with the Yoast SEO plugin v25.4 - https:\/\/yoast.com\/wordpress\/plugins\/seo\/ -->\n<title>PAWprenjak - Turkey with Buckwheat. - Pawsitively Croatian<\/title>\n<meta name=\"robots\" content=\"index, follow, max-snippet:-1, max-image-preview:large, max-video-preview:-1\" \/>\n<link rel=\"canonical\" href=\"https:\/\/pawsitivelycroatian.com\/hr\/proizvod\/pawprenjak-turkey-with-buckwheat\/\" \/>\n<meta property=\"og:locale\" content=\"hr_HR\" \/>\n<meta property=\"og:type\" content=\"article\" \/>\n<meta property=\"og:title\" content=\"PAWprenjak - Turkey with Buckwheat. - Pawsitively Croatian\" \/>\n<meta property=\"og:description\" content=\"Meet PAWprenjak: Turkey &amp; Buckwheat, a special holiday edition created for all pets who deserve something special, pure, and simple. This limited holiday treat is made from only two ingredients: locally sourced turkey and nutritionally rich buckwheat, naturally gluten-free. Nothing more. No additives, no fillers, no unnecessary nonsense. Buckwheat is an excellent source of fiber and easily digestible nutrients, while turkey is gentle, fragrant, and loved by dogs of all sizes. The result is a light, tasty treat you can fully trust and that every dog will adore. For the holidays, we packed PAWprenjak in an elegant decorative box\u2014 the perfect gift for your pet. Gluten-free. No artificial additives. Only what\u2019s truly good. Turkey &amp; Buckwheat \u2014 just two ingredients. Zero nonsense. Holiday special. 100% natural, homemade treat (net weight 15 g)\" \/>\n<meta property=\"og:url\" content=\"https:\/\/pawsitivelycroatian.com\/hr\/proizvod\/pawprenjak-turkey-with-buckwheat\/\" \/>\n<meta property=\"og:site_name\" content=\"Pawsitively Croatian\" \/>\n<meta property=\"article:modified_time\" content=\"2025-12-08T18:46:56+00:00\" \/>\n<meta property=\"og:image\" content=\"https:\/\/pawsitivelycroatian.com\/wp-content\/uploads\/2025\/12\/Mask-group79.png\" \/>\n\t<meta property=\"og:image:width\" content=\"1441\" \/>\n\t<meta property=\"og:image:height\" content=\"1197\" \/>\n\t<meta property=\"og:image:type\" content=\"image\/png\" \/>\n<meta name=\"twitter:card\" content=\"summary_large_image\" \/>\n<meta name=\"twitter:label1\" content=\"Procijenjeno vrijeme \u010ditanja\" \/>\n\t<meta name=\"twitter:data1\" content=\"1 minuta\" \/>\n<script type=\"application\/ld+json\" class=\"yoast-schema-graph\">{\"@context\":\"https:\/\/schema.org\",\"@graph\":[{\"@type\":\"WebPage\",\"@id\":\"https:\/\/pawsitivelycroatian.com\/product\/pawprenjak-turkey-with-buckwheat\/\",\"url\":\"https:\/\/pawsitivelycroatian.com\/product\/pawprenjak-turkey-with-buckwheat\/\",\"name\":\"PAWprenjak - Turkey with Buckwheat. - Pawsitively Croatian\",\"isPartOf\":{\"@id\":\"https:\/\/pawsitivelycroatian.com\/#website\"},\"primaryImageOfPage\":{\"@id\":\"https:\/\/pawsitivelycroatian.com\/product\/pawprenjak-turkey-with-buckwheat\/#primaryimage\"},\"image\":{\"@id\":\"https:\/\/pawsitivelycroatian.com\/product\/pawprenjak-turkey-with-buckwheat\/#primaryimage\"},\"thumbnailUrl\":\"https:\/\/pawsitivelycroatian.com\/wp-content\/uploads\/2025\/12\/Mask-group79.png\",\"datePublished\":\"2025-12-08T18:45:34+00:00\",\"dateModified\":\"2025-12-08T18:46:56+00:00\",\"breadcrumb\":{\"@id\":\"https:\/\/pawsitivelycroatian.com\/product\/pawprenjak-turkey-with-buckwheat\/#breadcrumb\"},\"inLanguage\":\"hr\",\"potentialAction\":[{\"@type\":\"ReadAction\",\"target\":[\"https:\/\/pawsitivelycroatian.com\/product\/pawprenjak-turkey-with-buckwheat\/\"]}]},{\"@type\":\"ImageObject\",\"inLanguage\":\"hr\",\"@id\":\"https:\/\/pawsitivelycroatian.com\/product\/pawprenjak-turkey-with-buckwheat\/#primaryimage\",\"url\":\"https:\/\/pawsitivelycroatian.com\/wp-content\/uploads\/2025\/12\/Mask-group79.png\",\"contentUrl\":\"https:\/\/pawsitivelycroatian.com\/wp-content\/uploads\/2025\/12\/Mask-group79.png\",\"width\":1441,\"height\":1197},{\"@type\":\"BreadcrumbList\",\"@id\":\"https:\/\/pawsitivelycroatian.com\/product\/pawprenjak-turkey-with-buckwheat\/#breadcrumb\",\"itemListElement\":[{\"@type\":\"ListItem\",\"position\":1,\"name\":\"Home\",\"item\":\"https:\/\/pawsitivelycroatian.com\/\"},{\"@type\":\"ListItem\",\"position\":2,\"name\":\"Shop\",\"item\":\"https:\/\/pawsitivelycroatian.com\/shop\/\"},{\"@type\":\"ListItem\",\"position\":3,\"name\":\"PAWprenjak &#8211; Turkey with Buckwheat.\"}]},{\"@type\":\"WebSite\",\"@id\":\"https:\/\/pawsitivelycroatian.com\/#website\",\"url\":\"https:\/\/pawsitivelycroatian.com\/\",\"name\":\"Pawsitively Croatian\",\"description\":\"Croatian\",\"publisher\":{\"@id\":\"https:\/\/pawsitivelycroatian.com\/#organization\"},\"potentialAction\":[{\"@type\":\"SearchAction\",\"target\":{\"@type\":\"EntryPoint\",\"urlTemplate\":\"https:\/\/pawsitivelycroatian.com\/?s={search_term_string}\"},\"query-input\":{\"@type\":\"PropertyValueSpecification\",\"valueRequired\":true,\"valueName\":\"search_term_string\"}}],\"inLanguage\":\"hr\"},{\"@type\":\"Organization\",\"@id\":\"https:\/\/pawsitivelycroatian.com\/#organization\",\"name\":\"Pawsitively Croatian\",\"url\":\"https:\/\/pawsitivelycroatian.com\/\",\"logo\":{\"@type\":\"ImageObject\",\"inLanguage\":\"hr\",\"@id\":\"https:\/\/pawsitivelycroatian.com\/#\/schema\/logo\/image\/\",\"url\":\"https:\/\/pawsitivelycroatian.com\/wp-content\/uploads\/2025\/03\/Group1.png\",\"contentUrl\":\"https:\/\/pawsitivelycroatian.com\/wp-content\/uploads\/2025\/03\/Group1.png\",\"width\":946,\"height\":408,\"caption\":\"Pawsitively Croatian\"},\"image\":{\"@id\":\"https:\/\/pawsitivelycroatian.com\/#\/schema\/logo\/image\/\"},\"sameAs\":[\"https:\/\/www.instagram.com\/pawsitively.croatian\/?utm_source=qr\"]}]}<\/script>\n<!-- \/ Yoast SEO plugin. -->","yoast_head_json":{"title":"PAWprenjak - Turkey with Buckwheat. - Pawsitively Croatian","robots":{"index":"index","follow":"follow","max-snippet":"max-snippet:-1","max-image-preview":"max-image-preview:large","max-video-preview":"max-video-preview:-1"},"canonical":"https:\/\/pawsitivelycroatian.com\/hr\/proizvod\/pawprenjak-turkey-with-buckwheat\/","og_locale":"hr_HR","og_type":"article","og_title":"PAWprenjak - Turkey with Buckwheat. - Pawsitively Croatian","og_description":"Meet PAWprenjak: Turkey &amp; Buckwheat, a special holiday edition created for all pets who deserve something special, pure, and simple. This limited holiday treat is made from only two ingredients: locally sourced turkey and nutritionally rich buckwheat, naturally gluten-free. Nothing more. No additives, no fillers, no unnecessary nonsense. Buckwheat is an excellent source of fiber and easily digestible nutrients, while turkey is gentle, fragrant, and loved by dogs of all sizes. The result is a light, tasty treat you can fully trust and that every dog will adore. For the holidays, we packed PAWprenjak in an elegant decorative box\u2014 the perfect gift for your pet. Gluten-free. No artificial additives. Only what\u2019s truly good. Turkey &amp; Buckwheat \u2014 just two ingredients. Zero nonsense. Holiday special. 100% natural, homemade treat (net weight 15 g)","og_url":"https:\/\/pawsitivelycroatian.com\/hr\/proizvod\/pawprenjak-turkey-with-buckwheat\/","og_site_name":"Pawsitively Croatian","article_modified_time":"2025-12-08T18:46:56+00:00","og_image":[{"width":1441,"height":1197,"url":"https:\/\/pawsitivelycroatian.com\/wp-content\/uploads\/2025\/12\/Mask-group79.png","type":"image\/png"}],"twitter_card":"summary_large_image","twitter_misc":{"Procijenjeno vrijeme \u010ditanja":"1 minuta"},"schema":{"@context":"https:\/\/schema.org","@graph":[{"@type":"WebPage","@id":"https:\/\/pawsitivelycroatian.com\/product\/pawprenjak-turkey-with-buckwheat\/","url":"https:\/\/pawsitivelycroatian.com\/product\/pawprenjak-turkey-with-buckwheat\/","name":"PAWprenjak - Turkey with Buckwheat. - Pawsitively Croatian","isPartOf":{"@id":"https:\/\/pawsitivelycroatian.com\/#website"},"primaryImageOfPage":{"@id":"https:\/\/pawsitivelycroatian.com\/product\/pawprenjak-turkey-with-buckwheat\/#primaryimage"},"image":{"@id":"https:\/\/pawsitivelycroatian.com\/product\/pawprenjak-turkey-with-buckwheat\/#primaryimage"},"thumbnailUrl":"https:\/\/pawsitivelycroatian.com\/wp-content\/uploads\/2025\/12\/Mask-group79.png","datePublished":"2025-12-08T18:45:34+00:00","dateModified":"2025-12-08T18:46:56+00:00","breadcrumb":{"@id":"https:\/\/pawsitivelycroatian.com\/product\/pawprenjak-turkey-with-buckwheat\/#breadcrumb"},"inLanguage":"hr","potentialAction":[{"@type":"ReadAction","target":["https:\/\/pawsitivelycroatian.com\/product\/pawprenjak-turkey-with-buckwheat\/"]}]},{"@type":"ImageObject","inLanguage":"hr","@id":"https:\/\/pawsitivelycroatian.com\/product\/pawprenjak-turkey-with-buckwheat\/#primaryimage","url":"https:\/\/pawsitivelycroatian.com\/wp-content\/uploads\/2025\/12\/Mask-group79.png","contentUrl":"https:\/\/pawsitivelycroatian.com\/wp-content\/uploads\/2025\/12\/Mask-group79.png","width":1441,"height":1197},{"@type":"BreadcrumbList","@id":"https:\/\/pawsitivelycroatian.com\/product\/pawprenjak-turkey-with-buckwheat\/#breadcrumb","itemListElement":[{"@type":"ListItem","position":1,"name":"Home","item":"https:\/\/pawsitivelycroatian.com\/"},{"@type":"ListItem","position":2,"name":"Shop","item":"https:\/\/pawsitivelycroatian.com\/shop\/"},{"@type":"ListItem","position":3,"name":"PAWprenjak &#8211; Turkey with Buckwheat."}]},{"@type":"WebSite","@id":"https:\/\/pawsitivelycroatian.com\/#website","url":"https:\/\/pawsitivelycroatian.com\/","name":"Pawsitively Croatian","description":"Croatian","publisher":{"@id":"https:\/\/pawsitivelycroatian.com\/#organization"},"potentialAction":[{"@type":"SearchAction","target":{"@type":"EntryPoint","urlTemplate":"https:\/\/pawsitivelycroatian.com\/?s={search_term_string}"},"query-input":{"@type":"PropertyValueSpecification","valueRequired":true,"valueName":"search_term_string"}}],"inLanguage":"hr"},{"@type":"Organization","@id":"https:\/\/pawsitivelycroatian.com\/#organization","name":"Pawsitively Croatian","url":"https:\/\/pawsitivelycroatian.com\/","logo":{"@type":"ImageObject","inLanguage":"hr","@id":"https:\/\/pawsitivelycroatian.com\/#\/schema\/logo\/image\/","url":"https:\/\/pawsitivelycroatian.com\/wp-content\/uploads\/2025\/03\/Group1.png","contentUrl":"https:\/\/pawsitivelycroatian.com\/wp-content\/uploads\/2025\/03\/Group1.png","width":946,"height":408,"caption":"Pawsitively Croatian"},"image":{"@id":"https:\/\/pawsitivelycroatian.com\/#\/schema\/logo\/image\/"},"sameAs":["https:\/\/www.instagram.com\/pawsitively.croatian\/?utm_source=qr"]}]}},"_links":{"self":[{"href":"https:\/\/pawsitivelycroatian.com\/hr\/wp-json\/wp\/v2\/product\/752","targetHints":{"allow":["GET"]}}],"collection":[{"href":"https:\/\/pawsitivelycroatian.com\/hr\/wp-json\/wp\/v2\/product"}],"about":[{"href":"https:\/\/pawsitivelycroatian.com\/hr\/wp-json\/wp\/v2\/types\/product"}],"version-history":[{"count":3,"href":"https:\/\/pawsitivelycroatian.com\/hr\/wp-json\/wp\/v2\/product\/752\/revisions"}],"predecessor-version":[{"id":756,"href":"https:\/\/pawsitivelycroatian.com\/hr\/wp-json\/wp\/v2\/product\/752\/revisions\/756"}],"wp:featuredmedia":[{"embeddable":true,"href":"https:\/\/pawsitivelycroatian.com\/hr\/wp-json\/wp\/v2\/media\/743"}],"wp:attachment":[{"href":"https:\/\/pawsitivelycroatian.com\/hr\/wp-json\/wp\/v2\/media?parent=752"}],"wp:term":[{"taxonomy":"product_brand","embeddable":true,"href":"https:\/\/pawsitivelycroatian.com\/hr\/wp-json\/wp\/v2\/product_brand?post=752"},{"taxonomy":"product_cat","embeddable":true,"href":"https:\/\/pawsitivelycroatian.com\/hr\/wp-json\/wp\/v2\/product_cat?post=752"},{"taxonomy":"product_tag","embeddable":true,"href":"https:\/\/pawsitivelycroatian.com\/hr\/wp-json\/wp\/v2\/product_tag?post=752"}],"curies":[{"name":"wp","href":"https:\/\/api.w.org\/{rel}","templated":true}]}}